{"id":7,"date":"2020-05-23T11:34:43","date_gmt":"2020-05-23T09:34:43","guid":{"rendered":"http:\/\/kuntel.hu\/wp\/?page_id=7"},"modified":"2020-05-23T13:47:28","modified_gmt":"2020-05-23T11:47:28","slug":"elerhetoseg","status":"publish","type":"page","link":"https:\/\/kuntel.hu\/?page_id=7","title":{"rendered":"El\u00e9rhet\u0151s\u00e9g"},"content":{"rendered":"\n<p><strong>Kuns\u00e1g Telecom Systems Kft.<\/strong><\/p>\n\n\n\n<p>Kecskem\u00e9t, Halasi \u00fat 12.<br>Telefon: 76\/500-500, Fax: 76\/500-501<br>E-mail: <a href=\"mailto:kuntel@kuntel.hu\">kuntel@kuntel.hu<\/a><br><a href=\"http:\/\/www.kuntel.hu\/\" target=\"_blank\" rel=\"noreferrer noopener\">http:\/\/www.kuntel.hu\/<\/a><\/p>\n\n\n\n<figure class=\"wp-block-table is-style-regular\"><table><tbody><tr><td>Juh\u00e1sz B\u00e9la<\/td><td><a href=\"mailto:juhaszb@kuntel.hu\">juhaszb@kuntel.hu<\/a><\/td><td>+36-20-383-1058<\/td><td><\/td><\/tr><tr><td>Kov\u00e1cs Imre<\/td><td><a href=\"mailto:kabos@kuntel.hu\">kabos@kuntel.hu<\/a><\/td><td>+36-20-9254-858<\/td><td><\/td><\/tr><tr><td>Heged\u0171s L\u00e1szl\u00f3<\/td><td><a href=\"mailto:batka@kuntel.hu\">batka@kuntel.hu<\/a><\/td><td>+36-20-421-5095<\/td><td><\/td><\/tr><\/tbody><\/table><\/figure>\n\n\n\n<div class=\"wp-block-group\"><div class=\"wp-block-group__inner-container\"><\/div><\/div>\n","protected":false},"excerpt":{"rendered":"<p>Kuns\u00e1g Telecom Systems Kft. Kecskem\u00e9t, Halasi \u00fat 12.Telefon: 76\/500-500, Fax: 76\/500-501E-mail: kuntel@kuntel.huhttp:\/\/www.kuntel.hu\/ Juh\u00e1sz B\u00e9la juhaszb@kuntel.hu +36-20-383-1058 Kov\u00e1cs Imre kabos@kuntel.hu +36-20-9254-858 Heged\u0171s L\u00e1szl\u00f3 batka@kuntel.hu +36-20-421-5095<\/p>\n","protected":false},"author":1,"featured_media":0,"parent":0,"menu_order":0,"comment_status":"closed","ping_status":"closed","template":"","meta":[],"_links":{"self":[{"href":"https:\/\/kuntel.hu\/index.php?rest_route=\/wp\/v2\/pages\/7"}],"collection":[{"href":"https:\/\/kuntel.hu\/index.php?rest_route=\/wp\/v2\/pages"}],"about":[{"href":"https:\/\/kuntel.hu\/index.php?rest_route=\/wp\/v2\/types\/page"}],"author":[{"embeddable":true,"href":"https:\/\/kuntel.hu\/index.php?rest_route=\/wp\/v2\/users\/1"}],"replies":[{"embeddable":true,"href":"https:\/\/kuntel.hu\/index.php?rest_route=%2Fwp%2Fv2%2Fcomments&post=7"}],"version-history":[{"count":12,"href":"https:\/\/kuntel.hu\/index.php?rest_route=\/wp\/v2\/pages\/7\/revisions"}],"predecessor-version":[{"id":49,"href":"https:\/\/kuntel.hu\/index.php?rest_route=\/wp\/v2\/pages\/7\/revisions\/49"}],"wp:attachment":[{"href":"https:\/\/kuntel.hu\/index.php?rest_route=%2Fwp%2Fv2%2Fmedia&parent=7"}],"curies":[{"name":"wp","href":"https:\/\/api.w.org\/{rel}","templated":true}]}}