{"id":6,"date":"2020-05-23T11:34:42","date_gmt":"2020-05-23T09:34:42","guid":{"rendered":"http:\/\/kuntel.hu\/wp\/?page_id=6"},"modified":"2020-05-23T11:46:29","modified_gmt":"2020-05-23T09:46:29","slug":"referenciak","status":"publish","type":"page","link":"https:\/\/kuntel.hu\/?page_id=6","title":{"rendered":"Referenci\u00e1k"},"content":{"rendered":"\n<p>A teljess\u00e9g ig\u00e9nye n\u00e9lk\u00fcl.<\/p>\n\n\n\n<p><a href=\"http:\/\/kuntel.hu\/old\/data\/up_img\/rack5.html\"><\/a>Magyar Telev\u00edzi\u00f3 Budapest<br>Phoenix Mecano Kft Kecskem\u00e9t,Budapest<br>B\u00edr\u00f3s\u00e1g B\u00e1cs-Kiskun \u00e9s B\u00e9k\u00e9s Megye<br>Helyk\u00f6zi T\u00e1vk\u00f6zl\u00e9si Igazgat\u00f3s\u00e1g Kecskem\u00e9t<br>Profitholding Kecskem\u00e9t<br>\u00c1rp\u00e1dsarok Kft Kecskem\u00e9t<br>Megyei Nyugd\u00edjbiztos\u00edt\u00e1si Igazgat\u00f3s\u00e1g Kecskem\u00e9t<br>Aut\u00f3flex Kft Kadafalva<br>Pet\u0151fi N\u00e9pe Szerkeszt\u0151s\u00e9ge Kecskem\u00e9t<br>MMG AM NOVA Kft Kecskem\u00e9t<br>BKM-i Kereskedelmi \u00e9s Iparkamara Kecskem\u00e9t<br>BKM-i Katasztr\u00f3fav\u00e9delmi Igazgat\u00f3s\u00e1g Kecskem\u00e9t<br>Graboparkett Kft Kecskem\u00e9t<br>F\u00f6ldm\u0171vel\u00e9s\u00fcgyi Hivatal Kecskem\u00e9t<br>Baustar Kft Kecskem\u00e9t<br>Poliext Kft Kecskem\u00e9t-Matk\u00f3<br>Agrikon Alfa Kecskem\u00e9t<br>Agrikon F\u00e9mipari ZRt. Kerekegyh\u00e1za<br>Agrikon-Kam Kiskunmajsa<br>Reform\u00e1tus Egyh\u00e1z Kecskem\u00e9t,Budapest<br>Reform\u00e1tus Egyh\u00e1z Sion I,II,III,IV Nyugd\u00edjash\u00e1zak Kecskem\u00e9t<br>Print 2000 Nyomdaipari Kft Kecskem\u00e9t<br>Szint\u00e9zis iskola Kecskem\u00e9t, Kiskunf\u00e9legyh\u00e1za<br>B\u00e9ta Press St\u00fadi\u00f3 Kecskem\u00e9t<br><a href=\"http:\/\/kuntel.hu\/old\/data\/up_img\/rack1.html\"><\/a>Bionet Kft Kecskem\u00e9t<br>Unix Trade Kft Kecskem\u00e9t<br>Vitapress Kft Dunaharaszti<br>Szentkir\u00e1lyi \u00c1sv\u00e1nyv\u00edz Kft Szentkir\u00e1ly<br>Reichle&amp;De-Massari Kft Budapest<br>Schaffner Kft Kecskem\u00e9t<br>Tapaszt\u00f3 Optika Kecskem\u00e9t<br>Thomas&amp;Betts Kft Kadafalva<br>Nemzeti Hotel Mez\u0151t\u00far<br>Schulek Frigyes K\u00f6z\u00e9piskola Budapest<br>P.M. Hung\u00e1ria Kft Kecskem\u00e9t<br>Debmut Rt Kecskem\u00e9t,Budapest,Kiskunf\u00e9legyh\u00e1za<br>Kecskem\u00e9ti Lapok Kft Kecskem\u00e9t<br>V\u00e9delmi Iroda Kecskem\u00e9t<br>Erdei Ferenc M\u0171vel\u0151d\u00e9si K\u00f6zpont Kecskem\u00e9t<br>Hungaro Pharma Rt B\u00e9k\u00e9scsaba<br>Lechler Kft Kadafalva<br>B\u00e1cs-Tan Kft Kecskem\u00e9t<br>DDDK Kecskem\u00e9t<br>Blaupunkt Kecskem\u00e9t<br>Bosal Kft Kadafalva<br>Bowling Center Kecskem\u00e9t Malom K\u00f6zpont<br>De Ruiter Kft Kecskem\u00e9t<br>Faunus Faipari \u00c1ruh\u00e1z Kecskem\u00e9t<br>Formont aut\u00f3h\u00e1z (Renault, BMW, D\u00e1cia) Kecskem\u00e9t<br>Hesse Kft Kecskem\u00e9t<br>H\u00edr\u00f6s Doboz Kft Bugacpuszta<br><a href=\"http:\/\/kuntel.hu\/old\/data\/up_img\/rack4.html\"><\/a>Knorr-Bremse Kecskem\u00e9t, Budapest<br>Jeli Kft Jakabsz\u00e1ll\u00e1s<br>Katona J\u00f3zsef Gimn\u00e1zium Kecskem\u00e9t<br>Kal Rt Kecskem\u00e9t<br>Kir\u00e1ly aut\u00f3 Kft Kecskem\u00e9t<br>M\u0171vel\u0151d\u00e9si h\u00e1z Lajosmizse<br>\u00c1ltal\u00e1nos Iskola Lajosmizse<br>VDSZSZ Budapest<br>Liga Szakszervezet Budapest<br>Meditress Kft Kecskem\u00e9t<br>Miniplast Kft Cserkesz\u0151l\u0151<br>M-Real Nyomda Kecskem\u00e9t<br>Plan ZRt Kecskem\u00e9t<br>Szauna Hotel Kecskem\u00e9t<br>Remix Tiszak\u00e9cske<br>Ritz Kft Kadafalva<br>Schindler Kft Kecskem\u00e9t<br>Sza-Co Kft Kecskem\u00e9t<br>Heliport Technikpark Kadafalva<br>Valorg K\u00f6nyvel\u0151 Iroda Kecskem\u00e9t<br>Orgov\u00e1ny \u00e9s Vid\u00e9ke Takar\u00e9ksz\u00f6vetkezetek Orgov\u00e1ny, Kecskem\u00e9t, Izs\u00e1k, Nagyk\u0151r\u00f6s<br>MaxX Aut\u00f3 Kft.&nbsp;&nbsp;<\/p>\n","protected":false},"excerpt":{"rendered":"<p>A teljess\u00e9g ig\u00e9nye n\u00e9lk\u00fcl. Magyar Telev\u00edzi\u00f3 BudapestPhoenix Mecano Kft Kecskem\u00e9t,BudapestB\u00edr\u00f3s\u00e1g B\u00e1cs-Kiskun \u00e9s B\u00e9k\u00e9s MegyeHelyk\u00f6zi T\u00e1vk\u00f6zl\u00e9si Igazgat\u00f3s\u00e1g Kecskem\u00e9tProfitholding Kecskem\u00e9t\u00c1rp\u00e1dsarok Kft Kecskem\u00e9tMegyei Nyugd\u00edjbiztos\u00edt\u00e1si Igazgat\u00f3s\u00e1g Kecskem\u00e9tAut\u00f3flex Kft KadafalvaPet\u0151fi N\u00e9pe Szerkeszt\u0151s\u00e9ge Kecskem\u00e9tMMG AM NOVA Kft Kecskem\u00e9tBKM-i Kereskedelmi \u00e9s Iparkamara Kecskem\u00e9tBKM-i Katasztr\u00f3fav\u00e9delmi Igazgat\u00f3s\u00e1g Kecskem\u00e9tGraboparkett Kft Kecskem\u00e9tF\u00f6ldm\u0171vel\u00e9s\u00fcgyi Hivatal Kecskem\u00e9tBaustar Kft Kecskem\u00e9tPoliext Kft Kecskem\u00e9t-Matk\u00f3Agrikon Alfa Kecskem\u00e9tAgrikon F\u00e9mipari ZRt. Kerekegyh\u00e1zaAgrikon-Kam KiskunmajsaReform\u00e1tus Egyh\u00e1z Kecskem\u00e9t,BudapestReform\u00e1tus &hellip; <a href=\"https:\/\/kuntel.hu\/?page_id=6\" class=\"more-link\"><span class=\"screen-reader-text\">Referenci\u00e1k<\/span> b\u0151vebben&#8230; <span class=\"meta-nav\">&rarr;<\/span><\/a><\/p>\n","protected":false},"author":1,"featured_media":0,"parent":0,"menu_order":0,"comment_status":"closed","ping_status":"closed","template":"","meta":[],"_links":{"self":[{"href":"https:\/\/kuntel.hu\/index.php?rest_route=\/wp\/v2\/pages\/6"}],"collection":[{"href":"https:\/\/kuntel.hu\/index.php?rest_route=\/wp\/v2\/pages"}],"about":[{"href":"https:\/\/kuntel.hu\/index.php?rest_route=\/wp\/v2\/types\/page"}],"author":[{"embeddable":true,"href":"https:\/\/kuntel.hu\/index.php?rest_route=\/wp\/v2\/users\/1"}],"replies":[{"embeddable":true,"href":"https:\/\/kuntel.hu\/index.php?rest_route=%2Fwp%2Fv2%2Fcomments&post=6"}],"version-history":[{"count":2,"href":"https:\/\/kuntel.hu\/index.php?rest_route=\/wp\/v2\/pages\/6\/revisions"}],"predecessor-version":[{"id":29,"href":"https:\/\/kuntel.hu\/index.php?rest_route=\/wp\/v2\/pages\/6\/revisions\/29"}],"wp:attachment":[{"href":"https:\/\/kuntel.hu\/index.php?rest_route=%2Fwp%2Fv2%2Fmedia&parent=6"}],"curies":[{"name":"wp","href":"https:\/\/api.w.org\/{rel}","templated":true}]}}