{"id":5,"date":"2020-05-23T11:34:42","date_gmt":"2020-05-23T09:34:42","guid":{"rendered":"http:\/\/kuntel.hu\/wp\/?page_id=5"},"modified":"2020-05-23T12:42:42","modified_gmt":"2020-05-23T10:42:42","slug":"szolgaltatasok","status":"publish","type":"page","link":"https:\/\/kuntel.hu\/?page_id=5","title":{"rendered":"Szolg\u00e1ltat\u00e1sok"},"content":{"rendered":"<p>Telefonh\u00e1l\u00f3zatok \u00e9p\u00edt\u00e9se, karbantart\u00e1sa, \u00fczemeltet\u00e9se<\/p>\n<p>Telefonk\u00f6zpontok felszerel\u00e9se, programoz\u00e1sa<\/p>\n<p>D\u00edjsz\u00e1ml\u00e1l\u00f3 rendszerek telep\u00edt\u00e9se, friss\u00edt\u00e9se<br \/>\nH\u00edv\u00e1sadatgy\u0171jt\u0151 k\u00e1rtya telep\u00edt\u00e9se<\/p>\n<p>Alk\u00f6zponthoz illeszthet\u0151 kaputelefonok szerel\u00e9se<\/p>\n<p>Mobil illeszt\u0151k felszerel\u00e9se (Jelent\u0151s mobil ir\u00e1ny\u00fa d\u00edjmegtakar\u00edt\u00e1s)<\/p>\n<p>C\u00e9g\u00fcnk v\u00e1llalja k\u00fcl\u00f6nb\u00f6z\u0151 t\u00edpus\u00fa telefonalk\u00f6zpontok id\u0151szakos illetve \u00e1tal\u00e1nyd\u00edjas karbantart\u00e1s\u00e1t, \u00fczemeltet\u00e9s\u00e9t.<\/p>\n<p>Struktur\u00e1lt \u00e9s optikai h\u00e1l\u00f3zatok \u00e9p\u00edt\u00e9se \u00e9s fenntart\u00e1sa H\u00e1l\u00f3zati akt\u00edv elemek, (switch-ek, routerek, m\u00e9dia konverterek) sz\u00e1ll\u00edt\u00e1sa be\u00fczemel\u00e9se<\/p>\n","protected":false},"excerpt":{"rendered":"<p>Telefonh\u00e1l\u00f3zatok \u00e9p\u00edt\u00e9se, karbantart\u00e1sa, \u00fczemeltet\u00e9se Telefonk\u00f6zpontok felszerel\u00e9se, programoz\u00e1sa D\u00edjsz\u00e1ml\u00e1l\u00f3 rendszerek telep\u00edt\u00e9se, friss\u00edt\u00e9se H\u00edv\u00e1sadatgy\u0171jt\u0151 k\u00e1rtya telep\u00edt\u00e9se Alk\u00f6zponthoz illeszthet\u0151 kaputelefonok szerel\u00e9se Mobil illeszt\u0151k felszerel\u00e9se (Jelent\u0151s mobil ir\u00e1ny\u00fa d\u00edjmegtakar\u00edt\u00e1s) C\u00e9g\u00fcnk v\u00e1llalja k\u00fcl\u00f6nb\u00f6z\u0151 t\u00edpus\u00fa telefonalk\u00f6zpontok id\u0151szakos illetve \u00e1tal\u00e1nyd\u00edjas karbantart\u00e1s\u00e1t, \u00fczemeltet\u00e9s\u00e9t. Struktur\u00e1lt \u00e9s optikai h\u00e1l\u00f3zatok \u00e9p\u00edt\u00e9se \u00e9s fenntart\u00e1sa H\u00e1l\u00f3zati akt\u00edv elemek, (switch-ek, routerek, m\u00e9dia konverterek) sz\u00e1ll\u00edt\u00e1sa be\u00fczemel\u00e9se<\/p>\n","protected":false},"author":1,"featured_media":0,"parent":0,"menu_order":0,"comment_status":"closed","ping_status":"closed","template":"","meta":[],"_links":{"self":[{"href":"https:\/\/kuntel.hu\/index.php?rest_route=\/wp\/v2\/pages\/5"}],"collection":[{"href":"https:\/\/kuntel.hu\/index.php?rest_route=\/wp\/v2\/pages"}],"about":[{"href":"https:\/\/kuntel.hu\/index.php?rest_route=\/wp\/v2\/types\/page"}],"author":[{"embeddable":true,"href":"https:\/\/kuntel.hu\/index.php?rest_route=\/wp\/v2\/users\/1"}],"replies":[{"embeddable":true,"href":"https:\/\/kuntel.hu\/index.php?rest_route=%2Fwp%2Fv2%2Fcomments&post=5"}],"version-history":[{"count":4,"href":"https:\/\/kuntel.hu\/index.php?rest_route=\/wp\/v2\/pages\/5\/revisions"}],"predecessor-version":[{"id":41,"href":"https:\/\/kuntel.hu\/index.php?rest_route=\/wp\/v2\/pages\/5\/revisions\/41"}],"wp:attachment":[{"href":"https:\/\/kuntel.hu\/index.php?rest_route=%2Fwp%2Fv2%2Fmedia&parent=5"}],"curies":[{"name":"wp","href":"https:\/\/api.w.org\/{rel}","templated":true}]}}